{"id":10624,"date":"2023-09-18T18:02:03","date_gmt":"2023-09-18T18:02:03","guid":{"rendered":"https:\/\/scalecustom.com\/?post_type=product&#038;p=10624"},"modified":"2023-09-19T20:47:38","modified_gmt":"2023-09-19T20:47:38","slug":"interior-para-jeep-cherokee-xj-comanche-hard-body-escala-1-10","status":"publish","type":"product","link":"https:\/\/scalecustom.com\/es\/producto\/interior-para-jeep-cherokee-xj-comanche-hard-body-escala-1-10\/","title":{"rendered":"Interior para Jeep Cherokee XJ \/ Comanche Hard Body escala 1\/10"},"content":{"rendered":"<p>Este es un interior personalizado que hice para la carrocer\u00eda Jeep Cherokee 1\/10 de jsscale. Tambi\u00e9n es compatible con los bodies de Team Rafee e Injora.<\/p>\n<p>Incluye:<br \/>&#8211; Salpicadero muy detallado.<br \/>&#8211; Volante cl\u00e1sico.<br \/>&#8211; Volante cl\u00e1sico v2, ahora f\u00e1cil de imprimir (2 piezas) m\u00e1s llave.<br \/>&#8211; Consola central con cambio de marchas, cambio 4&#215;4 y freno de mano.<br \/>&#8211; Paneles de las puertas delanteras.<br \/>&#8211; Asientos con reposacabezas independientes.<br \/>&#8211; Espejo retrovisor.<br \/>&#8211; Adhesivos para el salpicadero de relojes y calefacci\u00f3n (PDF).<br \/>&#8211; Suelo (he incluido este modelo porque puede ser de utilidad en algunos casos seg\u00fan el chasis).<\/p>\n<p>Para los reposacabezas he utilizado una varilla met\u00e1lica de 2 mm aunque tambi\u00e9n he incluido un modelo para que lo puedas imprimir.<br class=\"tw-data-text tw-text-large tw-ta\" data-placeholder=\"Traducci\u00f3n\" id=\"tw-target-text\" dir=\"ltr\" style=\"font-size: 28px;line-height: 36px;border: none;padding: 2px 0.14em 2px 0px;position: relative;margin: -2px 0px;font-family: inherit;overflow: hidden;text-align: left;width: 270px;font-style: normal;font-weight: 400;letter-spacing: normal;text-indent: 0px;text-transform: none\" data-mce-style=\"font-size: 28px; line-height: 36px; border: none; padding: 2px 0.14em 2px 0px; position: relative; margin: -2px 0px; font-family: inherit; overflow: hidden; text-align: left; width: 270px; font-style: normal; font-weight: 400; letter-spacing: normal; text-indent: 0px; text-transform: none;\"><\/p>\n","protected":false},"excerpt":{"rendered":"<p>Interior personalizado para la carrocer\u00eda Jeep Cherokee\/ Jeep Comanche<\/p>\n","protected":false},"featured_media":10598,"comment_status":"open","ping_status":"closed","template":"","meta":[],"product_cat":[243],"product_tag":[288,286,284,287,283,285],"_links":{"self":[{"href":"https:\/\/scalecustom.com\/es\/wp-json\/wp\/v2\/product\/10624"}],"collection":[{"href":"https:\/\/scalecustom.com\/es\/wp-json\/wp\/v2\/product"}],"about":[{"href":"https:\/\/scalecustom.com\/es\/wp-json\/wp\/v2\/types\/product"}],"replies":[{"embeddable":true,"href":"https:\/\/scalecustom.com\/es\/wp-json\/wp\/v2\/comments?post=10624"}],"version-history":[{"count":1,"href":"https:\/\/scalecustom.com\/es\/wp-json\/wp\/v2\/product\/10624\/revisions"}],"predecessor-version":[{"id":10625,"href":"https:\/\/scalecustom.com\/es\/wp-json\/wp\/v2\/product\/10624\/revisions\/10625"}],"wp:featuredmedia":[{"embeddable":true,"href":"https:\/\/scalecustom.com\/es\/wp-json\/wp\/v2\/media\/10598"}],"wp:attachment":[{"href":"https:\/\/scalecustom.com\/es\/wp-json\/wp\/v2\/media?parent=10624"}],"wp:term":[{"taxonomy":"product_cat","embeddable":true,"href":"https:\/\/scalecustom.com\/es\/wp-json\/wp\/v2\/product_cat?post=10624"},{"taxonomy":"product_tag","embeddable":true,"href":"https:\/\/scalecustom.com\/es\/wp-json\/wp\/v2\/product_tag?post=10624"}],"curies":[{"name":"wp","href":"https:\/\/api.w.org\/{rel}","templated":true}]}}