{"id":9368,"date":"2021-08-26T12:21:44","date_gmt":"2021-08-26T12:21:44","guid":{"rendered":"https:\/\/scalecustom.com\/compara\/"},"modified":"2022-10-03T20:39:39","modified_gmt":"2022-10-03T20:39:39","slug":"compara","status":"publish","type":"page","link":"https:\/\/scalecustom.com\/es\/compara\/","title":{"rendered":"Compara"},"content":{"rendered":"\t\t<p class=\"wd-empty-compare wd-empty-page\">\n\t\t\tLa lista de comparaci\u00f3n est\u00e1 vacia.\t\t<\/p>\n\t\t\t\t\t<div class=\"wd-empty-page-text\">\n\t\t\t\tNo hay productos a\u00f1adidos en la lista de comparaci\u00f3n. Debe a\u00f1adir algunos productos para compararlos.\nEncontrar\u00e1s muchos productos interesantes en nuestra p\u00e1gina \"Tienda\".\t\t\t<\/div>\n\t\t\t\t<p class=\"return-to-shop\">\n\t\t\t<a class=\"button\" href=\"https:\/\/scalecustom.com\/es\/tienda\/\">\n\t\t\t\tVolver a la tienda\t\t\t<\/a>\n\t\t<\/p>\n\t\t\n","protected":false},"excerpt":{"rendered":"","protected":false},"author":1,"featured_media":0,"parent":0,"menu_order":0,"comment_status":"closed","ping_status":"closed","template":"","meta":[],"_links":{"self":[{"href":"https:\/\/scalecustom.com\/es\/wp-json\/wp\/v2\/pages\/9368"}],"collection":[{"href":"https:\/\/scalecustom.com\/es\/wp-json\/wp\/v2\/pages"}],"about":[{"href":"https:\/\/scalecustom.com\/es\/wp-json\/wp\/v2\/types\/page"}],"author":[{"embeddable":true,"href":"https:\/\/scalecustom.com\/es\/wp-json\/wp\/v2\/users\/1"}],"replies":[{"embeddable":true,"href":"https:\/\/scalecustom.com\/es\/wp-json\/wp\/v2\/comments?post=9368"}],"version-history":[{"count":2,"href":"https:\/\/scalecustom.com\/es\/wp-json\/wp\/v2\/pages\/9368\/revisions"}],"predecessor-version":[{"id":9382,"href":"https:\/\/scalecustom.com\/es\/wp-json\/wp\/v2\/pages\/9368\/revisions\/9382"}],"wp:attachment":[{"href":"https:\/\/scalecustom.com\/es\/wp-json\/wp\/v2\/media?parent=9368"}],"curies":[{"name":"wp","href":"https:\/\/api.w.org\/{rel}","templated":true}]}}